{"id":1372,"date":"2024-07-19T10:09:40","date_gmt":"2024-07-19T08:09:40","guid":{"rendered":"https:\/\/www.vasa-leipzig.de\/web\/?page_id=1372"},"modified":"2024-07-19T10:31:43","modified_gmt":"2024-07-19T08:31:43","slug":"ueber-uns","status":"publish","type":"page","link":"https:\/\/www.vasa-leipzig.de\/web\/home\/ueber-uns\/","title":{"rendered":"\u00dcber uns"},"content":{"rendered":"\t\t<div data-elementor-type=\"wp-page\" data-elementor-id=\"1372\" class=\"elementor elementor-1372\">\n\t\t\t\t<div class=\"elementor-element elementor-element-9d8e9ce e-flex e-con-boxed e-con e-parent\" data-id=\"9d8e9ce\" data-element_type=\"container\">\n\t\t\t\t\t<div class=\"e-con-inner\">\n\t\t\t\t<div class=\"elementor-element elementor-element-b49cd55 elementor-widget elementor-widget-heading\" data-id=\"b49cd55\" data-element_type=\"widget\" data-widget_type=\"heading.default\">\n\t\t\t\t<div class=\"elementor-widget-container\">\n\t\t\t\t\t<h2 class=\"elementor-heading-title elementor-size-default\">\u00dcber uns<\/h2>\t\t\t\t<\/div>\n\t\t\t\t<\/div>\n\t\t\t\t\t<\/div>\n\t\t\t\t<\/div>\n\t\t<div class=\"elementor-element elementor-element-33bcd0c e-flex e-con-boxed e-con e-parent\" data-id=\"33bcd0c\" data-element_type=\"container\">\n\t\t\t\t\t<div class=\"e-con-inner\">\n\t\t<div class=\"elementor-element elementor-element-6ff07d8 e-con-full e-flex e-con e-child\" data-id=\"6ff07d8\" data-element_type=\"container\">\n\t\t\t\t<div class=\"elementor-element elementor-element-9b1b67c elementor-widget elementor-widget-image\" data-id=\"9b1b67c\" data-element_type=\"widget\" data-widget_type=\"image.default\">\n\t\t\t\t<div class=\"elementor-widget-container\">\n\t\t\t\t\t\t\t\t\t\t\t\t\t\t\t<img fetchpriority=\"high\" decoding=\"async\" width=\"1024\" height=\"535\" src=\"https:\/\/www.vasa-leipzig.de\/web\/wp-content\/uploads\/2024\/07\/pexels-photo-3184418-3184418-1024x535.jpg\" class=\"attachment-large size-large wp-image-1383\" alt=\"pexels-photo-3184418-3184418.jpg\" srcset=\"https:\/\/www.vasa-leipzig.de\/web\/wp-content\/uploads\/2024\/07\/pexels-photo-3184418-3184418-1024x535.jpg 1024w, https:\/\/www.vasa-leipzig.de\/web\/wp-content\/uploads\/2024\/07\/pexels-photo-3184418-3184418-300x157.jpg 300w, https:\/\/www.vasa-leipzig.de\/web\/wp-content\/uploads\/2024\/07\/pexels-photo-3184418-3184418-768x401.jpg 768w, https:\/\/www.vasa-leipzig.de\/web\/wp-content\/uploads\/2024\/07\/pexels-photo-3184418-3184418.jpg 1200w\" sizes=\"(max-width: 1024px) 100vw, 1024px\" \/>\t\t\t\t\t\t\t\t\t\t\t\t\t\t\t<\/div>\n\t\t\t\t<\/div>\n\t\t\t\t<div class=\"elementor-element elementor-element-5b93060 elementor-widget elementor-widget-text-editor\" data-id=\"5b93060\" data-element_type=\"widget\" data-widget_type=\"text-editor.default\">\n\t\t\t\t<div class=\"elementor-widget-container\">\n\t\t\t\t\t\t\t\t\t<p><span style=\"font-style: inherit; font-weight: inherit; text-align: var(--text-align); background-color: var(--ast-global-color-4); color: var(--ast-global-color-3);\">Die Vereinigung Arabischer Studenten und Akademiker (VASA) wurde im Jahr 1999 gegr\u00fcndet und hat sich seitdem zu einer bedeutenden Plattform f\u00fcr arabische Studierende und Akademiker in Deutschland entwickelt. Unser Verein steht f\u00fcr interkulturellen Austausch, akademische Unterst\u00fctzung und die F\u00f6rderung beruflicher Netzwerke.<\/span><\/p>\n<p><span style=\"background-color: var(--ast-global-color-4); color: var(--ast-global-color-3); font-style: inherit; text-align: var(--text-align);\"><b>Unsere Mission<\/b><\/span><\/p>\n<p><span style=\"font-style: inherit; font-weight: inherit; text-align: var(--text-align); background-color: var(--ast-global-color-4); color: var(--ast-global-color-3);\">Unsere Mission ist es, Br\u00fccken zwischen Kulturen zu bauen und das Verst\u00e4ndnis sowie die Zusammenarbeit zwischen arabischen und deutschen Gemeinschaften zu f\u00f6rdern. Wir setzen uns daf\u00fcr ein, unseren Mitgliedern eine Plattform f\u00fcr Austausch, Zusammenarbeit und gegenseitige Hilfe zu bieten.<\/span><\/p>\n<p><b><span style=\"font-style: inherit; text-align: var(--text-align); background-color: var(--ast-global-color-4); color: var(--ast-global-color-3);\">Was wir tun<\/span><br><\/b><\/p>\n<p><span style=\"font-style: inherit; font-weight: inherit; text-align: var(--text-align); background-color: var(--ast-global-color-4); color: var(--ast-global-color-3);\">Netzwerkveranstaltungen: Wir organisieren regelm\u00e4\u00dfige Treffen, Seminare und Workshops, um Kontakte zu kn\u00fcpfen und Wissen auszutauschen.<\/span><\/p>\n<p>Akademische Unterst\u00fctzung: Wir bieten Hilfestellung bei Studienangelegenheiten, Forschungsprojekten und akademischen Herausforderungen.<\/p>\n<p>Kulturelle Events: Unsere Veranstaltungen f\u00f6rdern den kulturellen Austausch und feiern die reiche arabische Kultur.<\/p>\n<p>Berufliche Entwicklung: Durch Karriereberatung, Praktikumsm\u00f6glichkeiten und Mentoring-Programme unterst\u00fctzen wir unsere Mitglieder bei ihren beruflichen Zielen.<\/p><p><b style=\"font-style: inherit; text-align: var(--text-align); background-color: var(--ast-global-color-4); color: var(--ast-global-color-3);\">Unser Team<\/b><\/p>\n<p><\/p>\n<p>Unser engagiertes Team besteht aus erfahrenen Fachleuten und ehrenamtlichen Helfern, die sich leidenschaftlich f\u00fcr die Ziele von VASA einsetzen. Gemeinsam arbeiten wir daran, unseren Mitgliedern bestm\u00f6gliche Unterst\u00fctzung zu bieten.<\/p>\n<p><\/p>\n<p><b>Kontaktieren Sie uns<\/b><\/p>\n<p><\/p>\n<p>Haben Sie Fragen oder Anregungen? Z\u00f6gern Sie nicht, uns zu kontaktieren. Wir freuen uns darauf, von Ihnen zu h\u00f6ren!<\/p>\n<p><\/p>\t\t\t\t\t\t\t\t<\/div>\n\t\t\t\t<\/div>\n\t\t\t\t<\/div>\n\t\t\t\t\t<\/div>\n\t\t\t\t<\/div>\n\t\t\t\t<\/div>\n\t\t","protected":false},"excerpt":{"rendered":"<p>\u00dcber uns Die Vereinigung Arabischer Studenten und Akademiker (VASA) wurde im Jahr 1999 gegr\u00fcndet und hat sich seitdem zu einer bedeutenden Plattform f\u00fcr arabische Studierende und Akademiker in Deutschland entwickelt. Unser Verein steht f\u00fcr interkulturellen Austausch, akademische Unterst\u00fctzung und die F\u00f6rderung beruflicher Netzwerke. Unsere Mission Unsere Mission ist es, Br\u00fccken zwischen Kulturen zu bauen und [&hellip;]<\/p>\n","protected":false},"author":1,"featured_media":0,"parent":540,"menu_order":0,"comment_status":"closed","ping_status":"closed","template":"","meta":{"site-sidebar-layout":"no-sidebar","site-content-layout":"page-builder","ast-site-content-layout":"full-width-container","site-content-style":"default","site-sidebar-style":"default","ast-global-header-display":"","ast-banner-title-visibility":"","ast-main-header-display":"","ast-hfb-above-header-display":"","ast-hfb-below-header-display":"","ast-hfb-mobile-header-display":"","site-post-title":"disabled","ast-breadcrumbs-content":"","ast-featured-img":"disabled","footer-sml-layout":"","ast-disable-related-posts":"","theme-transparent-header-meta":"","adv-header-id-meta":"","stick-header-meta":"","header-above-stick-meta":"","header-main-stick-meta":"","header-below-stick-meta":"","astra-migrate-meta-layouts":"set","ast-page-background-enabled":"default","ast-page-background-meta":{"desktop":{"background-color":"","background-image":"","background-repeat":"repeat","background-position":"center center","background-size":"auto","background-attachment":"scroll","background-type":"","background-media":"","overlay-type":"","overlay-color":"","overlay-opacity":"","overlay-gradient":""},"tablet":{"background-color":"","background-image":"","background-repeat":"repeat","background-position":"center center","background-size":"auto","background-attachment":"scroll","background-type":"","background-media":"","overlay-type":"","overlay-color":"","overlay-opacity":"","overlay-gradient":""},"mobile":{"background-color":"","background-image":"","background-repeat":"repeat","background-position":"center center","background-size":"auto","background-attachment":"scroll","background-type":"","background-media":"","overlay-type":"","overlay-color":"","overlay-opacity":"","overlay-gradient":""}},"ast-content-background-meta":{"desktop":{"background-color":"var(--ast-global-color-5)","background-image":"","background-repeat":"repeat","background-position":"center center","background-size":"auto","background-attachment":"scroll","background-type":"","background-media":"","overlay-type":"","overlay-color":"","overlay-opacity":"","overlay-gradient":""},"tablet":{"background-color":"var(--ast-global-color-5)","background-image":"","background-repeat":"repeat","background-position":"center center","background-size":"auto","background-attachment":"scroll","background-type":"","background-media":"","overlay-type":"","overlay-color":"","overlay-opacity":"","overlay-gradient":""},"mobile":{"background-color":"var(--ast-global-color-5)","background-image":"","background-repeat":"repeat","background-position":"center center","background-size":"auto","background-attachment":"scroll","background-type":"","background-media":"","overlay-type":"","overlay-color":"","overlay-opacity":"","overlay-gradient":""}},"footnotes":""},"_links":{"self":[{"href":"https:\/\/www.vasa-leipzig.de\/web\/wp-json\/wp\/v2\/pages\/1372"}],"collection":[{"href":"https:\/\/www.vasa-leipzig.de\/web\/wp-json\/wp\/v2\/pages"}],"about":[{"href":"https:\/\/www.vasa-leipzig.de\/web\/wp-json\/wp\/v2\/types\/page"}],"author":[{"embeddable":true,"href":"https:\/\/www.vasa-leipzig.de\/web\/wp-json\/wp\/v2\/users\/1"}],"replies":[{"embeddable":true,"href":"https:\/\/www.vasa-leipzig.de\/web\/wp-json\/wp\/v2\/comments?post=1372"}],"version-history":[{"count":9,"href":"https:\/\/www.vasa-leipzig.de\/web\/wp-json\/wp\/v2\/pages\/1372\/revisions"}],"predecessor-version":[{"id":1386,"href":"https:\/\/www.vasa-leipzig.de\/web\/wp-json\/wp\/v2\/pages\/1372\/revisions\/1386"}],"up":[{"embeddable":true,"href":"https:\/\/www.vasa-leipzig.de\/web\/wp-json\/wp\/v2\/pages\/540"}],"wp:attachment":[{"href":"https:\/\/www.vasa-leipzig.de\/web\/wp-json\/wp\/v2\/media?parent=1372"}],"curies":[{"name":"wp","href":"https:\/\/api.w.org\/{rel}","templated":true}]}}